{"id":937,"date":"2020-07-02T09:23:00","date_gmt":"2020-07-02T07:23:00","guid":{"rendered":"https:\/\/selectcolor.local\/?page_id=937"},"modified":"2022-05-05T16:56:38","modified_gmt":"2022-05-05T14:56:38","slug":"accessoires","status":"publish","type":"page","link":"https:\/\/selectcolor.be\/en\/products\/accessoires\/","title":{"rendered":"Accessories"},"content":{"rendered":"","protected":false},"excerpt":{"rendered":"","protected":false},"author":1,"featured_media":0,"parent":934,"menu_order":0,"comment_status":"closed","ping_status":"closed","template":"","meta":{"_acf_changed":false,"footnotes":""},"class_list":["post-937","page","type-page","status-publish","hentry"],"acf":[],"yoast_head":"<!-- This site is optimized with the Yoast SEO plugin v24.7 - https:\/\/yoast.com\/wordpress\/plugins\/seo\/ -->\n<title>Material &amp; accessories wall painting - Shop in Liege.<\/title>\n<meta name=\"description\" content=\"B\u00e2che de protection, ruban de masquage, bac \u00e0 peinture, pinceaux, rouleaux, ... Profitez d&#039;accessoires de qualit\u00e9 et de conseils d&#039;experts.\" \/>\n<meta name=\"robots\" content=\"index, follow, max-snippet:-1, max-image-preview:large, max-video-preview:-1\" \/>\n<link rel=\"canonical\" href=\"https:\/\/selectcolor.be\/en\/products\/accessoires\/\" \/>\n<meta property=\"og:locale\" content=\"en_US\" \/>\n<meta property=\"og:type\" content=\"article\" \/>\n<meta property=\"og:title\" content=\"Material &amp; accessories wall painting - Shop in Liege.\" \/>\n<meta property=\"og:description\" content=\"B\u00e2che de protection, ruban de masquage, bac \u00e0 peinture, pinceaux, rouleaux, ... Profitez d&#039;accessoires de qualit\u00e9 et de conseils d&#039;experts.\" \/>\n<meta property=\"og:url\" content=\"https:\/\/selectcolor.be\/en\/products\/accessoires\/\" \/>\n<meta property=\"og:site_name\" content=\"Selectcolor\" \/>\n<meta property=\"article:modified_time\" content=\"2022-05-05T14:56:38+00:00\" \/>\n<meta name=\"twitter:card\" content=\"summary_large_image\" \/>\n<script type=\"application\/ld+json\" class=\"yoast-schema-graph\">{\"@context\":\"https:\/\/schema.org\",\"@graph\":[{\"@type\":\"WebPage\",\"@id\":\"https:\/\/selectcolor.be\/en\/products\/accessoires\/\",\"url\":\"https:\/\/selectcolor.be\/en\/products\/accessoires\/\",\"name\":\"Material & accessories wall painting - Shop in Liege.\",\"isPartOf\":{\"@id\":\"https:\/\/selectcolor.be\/en\/#website\"},\"datePublished\":\"2020-07-02T07:23:00+00:00\",\"dateModified\":\"2022-05-05T14:56:38+00:00\",\"description\":\"B\u00e2che de protection, ruban de masquage, bac \u00e0 peinture, pinceaux, rouleaux, ... Profitez d'accessoires de qualit\u00e9 et de conseils d'experts.\",\"breadcrumb\":{\"@id\":\"https:\/\/selectcolor.be\/en\/products\/accessoires\/#breadcrumb\"},\"inLanguage\":\"en-US\",\"potentialAction\":[{\"@type\":\"ReadAction\",\"target\":[\"https:\/\/selectcolor.be\/en\/products\/accessoires\/\"]}]},{\"@type\":\"BreadcrumbList\",\"@id\":\"https:\/\/selectcolor.be\/en\/products\/accessoires\/#breadcrumb\",\"itemListElement\":[{\"@type\":\"ListItem\",\"position\":1,\"name\":\"Accueil\",\"item\":\"https:\/\/selectcolor.be\/en\/\"},{\"@type\":\"ListItem\",\"position\":2,\"name\":\"Our products\",\"item\":\"https:\/\/selectcolor.be\/en\/products\/\"},{\"@type\":\"ListItem\",\"position\":3,\"name\":\"Accessories\"}]},{\"@type\":\"WebSite\",\"@id\":\"https:\/\/selectcolor.be\/en\/#website\",\"url\":\"https:\/\/selectcolor.be\/en\/\",\"name\":\"Selectcolor\",\"description\":\"Magasin d&#039;usine de peinture \u00e0 Li\u00e8ge\",\"potentialAction\":[{\"@type\":\"SearchAction\",\"target\":{\"@type\":\"EntryPoint\",\"urlTemplate\":\"https:\/\/selectcolor.be\/en\/?s={search_term_string}\"},\"query-input\":{\"@type\":\"PropertyValueSpecification\",\"valueRequired\":true,\"valueName\":\"search_term_string\"}}],\"inLanguage\":\"en-US\"}]}<\/script>\n<!-- \/ Yoast SEO plugin. -->","yoast_head_json":{"title":"Material & accessories wall painting - Shop in Liege.","description":"B\u00e2che de protection, ruban de masquage, bac \u00e0 peinture, pinceaux, rouleaux, ... Profitez d'accessoires de qualit\u00e9 et de conseils d'experts.","robots":{"index":"index","follow":"follow","max-snippet":"max-snippet:-1","max-image-preview":"max-image-preview:large","max-video-preview":"max-video-preview:-1"},"canonical":"https:\/\/selectcolor.be\/en\/products\/accessoires\/","og_locale":"en_US","og_type":"article","og_title":"Material & accessories wall painting - Shop in Liege.","og_description":"B\u00e2che de protection, ruban de masquage, bac \u00e0 peinture, pinceaux, rouleaux, ... Profitez d'accessoires de qualit\u00e9 et de conseils d'experts.","og_url":"https:\/\/selectcolor.be\/en\/products\/accessoires\/","og_site_name":"Selectcolor","article_modified_time":"2022-05-05T14:56:38+00:00","twitter_card":"summary_large_image","schema":{"@context":"https:\/\/schema.org","@graph":[{"@type":"WebPage","@id":"https:\/\/selectcolor.be\/en\/products\/accessoires\/","url":"https:\/\/selectcolor.be\/en\/products\/accessoires\/","name":"Material & accessories wall painting - Shop in Liege.","isPartOf":{"@id":"https:\/\/selectcolor.be\/en\/#website"},"datePublished":"2020-07-02T07:23:00+00:00","dateModified":"2022-05-05T14:56:38+00:00","description":"B\u00e2che de protection, ruban de masquage, bac \u00e0 peinture, pinceaux, rouleaux, ... Profitez d'accessoires de qualit\u00e9 et de conseils d'experts.","breadcrumb":{"@id":"https:\/\/selectcolor.be\/en\/products\/accessoires\/#breadcrumb"},"inLanguage":"en-US","potentialAction":[{"@type":"ReadAction","target":["https:\/\/selectcolor.be\/en\/products\/accessoires\/"]}]},{"@type":"BreadcrumbList","@id":"https:\/\/selectcolor.be\/en\/products\/accessoires\/#breadcrumb","itemListElement":[{"@type":"ListItem","position":1,"name":"Accueil","item":"https:\/\/selectcolor.be\/en\/"},{"@type":"ListItem","position":2,"name":"Our products","item":"https:\/\/selectcolor.be\/en\/products\/"},{"@type":"ListItem","position":3,"name":"Accessories"}]},{"@type":"WebSite","@id":"https:\/\/selectcolor.be\/en\/#website","url":"https:\/\/selectcolor.be\/en\/","name":"Selectcolor","description":"Magasin d&#039;usine de peinture \u00e0 Li\u00e8ge","potentialAction":[{"@type":"SearchAction","target":{"@type":"EntryPoint","urlTemplate":"https:\/\/selectcolor.be\/en\/?s={search_term_string}"},"query-input":{"@type":"PropertyValueSpecification","valueRequired":true,"valueName":"search_term_string"}}],"inLanguage":"en-US"}]}},"_links":{"self":[{"href":"https:\/\/selectcolor.be\/en\/wp-json\/wp\/v2\/pages\/937","targetHints":{"allow":["GET"]}}],"collection":[{"href":"https:\/\/selectcolor.be\/en\/wp-json\/wp\/v2\/pages"}],"about":[{"href":"https:\/\/selectcolor.be\/en\/wp-json\/wp\/v2\/types\/page"}],"author":[{"embeddable":true,"href":"https:\/\/selectcolor.be\/en\/wp-json\/wp\/v2\/users\/1"}],"replies":[{"embeddable":true,"href":"https:\/\/selectcolor.be\/en\/wp-json\/wp\/v2\/comments?post=937"}],"version-history":[{"count":4,"href":"https:\/\/selectcolor.be\/en\/wp-json\/wp\/v2\/pages\/937\/revisions"}],"predecessor-version":[{"id":1054,"href":"https:\/\/selectcolor.be\/en\/wp-json\/wp\/v2\/pages\/937\/revisions\/1054"}],"up":[{"embeddable":true,"href":"https:\/\/selectcolor.be\/en\/wp-json\/wp\/v2\/pages\/934"}],"wp:attachment":[{"href":"https:\/\/selectcolor.be\/en\/wp-json\/wp\/v2\/media?parent=937"}],"curies":[{"name":"wp","href":"https:\/\/api.w.org\/{rel}","templated":true}]}}